{"id":17,"date":"2016-02-12T08:09:36","date_gmt":"2016-02-12T08:09:36","guid":{"rendered":"http:\/\/demos.famethemes.com\/onepress\/?page_id=17"},"modified":"2021-04-15T23:14:34","modified_gmt":"2021-04-15T21:14:34","slug":"our-history","status":"publish","type":"page","link":"https:\/\/ebsi-informatique.fr\/index.php\/our-history\/","title":{"rendered":"Notre histoire"},"content":{"rendered":"<p>Notre activit\u00e9 a d\u00e9but\u00e9 en 2016, avec un statut d&rsquo;auto-entrepreneur.<br \/>\nAu fur et \u00e0 mesure des projets, des d\u00e9ploiements et des demandes d&rsquo;assistance; un regroupement d&rsquo;auto-entrepreneurs s&rsquo;est form\u00e9 pour r\u00e9pondre aux nombreuses demandes.<br \/>\nL&rsquo;activit\u00e9 grandissant, nous avons saut\u00e9s le pas et sommes pass\u00e9s en SAS depuis d\u00e9but 2021.<br \/>\nCe nouveau statut nous permet de d\u00e9velopper nos activit\u00e9s et de cr\u00e9er de nouveaux partenariats.<br \/>\nAujourd&rsquo;hui, notre \u00e9quipe se compose d&rsquo;experts, form\u00e9s et certifi\u00e9s sur les derni\u00e8res technologies.<\/p>\n","protected":false},"excerpt":{"rendered":"<p>Nullam ut tempor eros. Donec faucibus, velit et imperdiet aliquam, lacus velit luctus urna, vitae porttitor orci libero id felis.<\/p>\n","protected":false},"author":1,"featured_media":1483,"parent":0,"menu_order":0,"comment_status":"closed","ping_status":"closed","template":"","meta":{"footnotes":""},"class_list":["post-17","page","type-page","status-publish","has-post-thumbnail","hentry"],"_links":{"self":[{"href":"https:\/\/ebsi-informatique.fr\/index.php\/wp-json\/wp\/v2\/pages\/17","targetHints":{"allow":["GET"]}}],"collection":[{"href":"https:\/\/ebsi-informatique.fr\/index.php\/wp-json\/wp\/v2\/pages"}],"about":[{"href":"https:\/\/ebsi-informatique.fr\/index.php\/wp-json\/wp\/v2\/types\/page"}],"author":[{"embeddable":true,"href":"https:\/\/ebsi-informatique.fr\/index.php\/wp-json\/wp\/v2\/users\/1"}],"replies":[{"embeddable":true,"href":"https:\/\/ebsi-informatique.fr\/index.php\/wp-json\/wp\/v2\/comments?post=17"}],"version-history":[{"count":1,"href":"https:\/\/ebsi-informatique.fr\/index.php\/wp-json\/wp\/v2\/pages\/17\/revisions"}],"predecessor-version":[{"id":1484,"href":"https:\/\/ebsi-informatique.fr\/index.php\/wp-json\/wp\/v2\/pages\/17\/revisions\/1484"}],"wp:featuredmedia":[{"embeddable":true,"href":"https:\/\/ebsi-informatique.fr\/index.php\/wp-json\/wp\/v2\/media\/1483"}],"wp:attachment":[{"href":"https:\/\/ebsi-informatique.fr\/index.php\/wp-json\/wp\/v2\/media?parent=17"}],"curies":[{"name":"wp","href":"https:\/\/api.w.org\/{rel}","templated":true}]}}